{"id":58,"date":"2017-08-12T10:05:43","date_gmt":"2017-08-12T13:05:43","guid":{"rendered":"http:\/\/localhost\/wordpress\/?page_id=58"},"modified":"2025-10-09T11:28:37","modified_gmt":"2025-10-09T14:28:37","slug":"novedades-news","status":"publish","type":"page","link":"http:\/\/lauraortego.com\/?page_id=58","title":{"rendered":"NOVEDADES\/ NEWS"},"content":{"rendered":"From May 13 to August 2nd. 2025\nMadrid, Spain.\n\n<img fetchpriority=\"high\" decoding=\"async\" src=\"http:\/\/lauraortego.com\/wp-content\/uploads\/2025\/04\/White_Balance_5_edicion-800x889-1-270x300.jpg\" alt=\"\" width=\"388\" height=\"431\" \/>\n\nDiciembre\/December 2024,, Xiamen, China\n\n<img decoding=\"async\" src=\"http:\/\/lauraortego.com\/wp-content\/uploads\/2025\/02\/IMG_6253.jpg\" alt=\"\" width=\"431\" height=\"599\" \/>\n\nHasta fines de diciembre\/Till the end of December. 2024. Museo Caraffa\/ Caraffa Museum, C\u00f3rdoba, Argentina\n\n<img decoding=\"async\" src=\"http:\/\/lauraortego.com\/wp-content\/uploads\/2024\/10\/Screenshot-2024-09-15-at-14.21.58.png\" alt=\"\" width=\"431\" height=\"580\" \/>\n\nHasta fines de junio\/ Till the end of June working at Mil gotas residencia, Songzhuang, Beijing\n\n<img loading=\"lazy\" decoding=\"async\" src=\"http:\/\/lauraortego.com\/wp-content\/uploads\/2024\/06\/fachada-mil-gotas.jpg\" alt=\"\" width=\"431\" height=\"288\" \/>\n\nTill the end of May, solo exhibition at Acentric Space, Shanghai\n\n<img loading=\"lazy\" decoding=\"async\" src=\"http:\/\/lauraortego.com\/wp-content\/uploads\/2024\/06\/poster-jdl-shanghai-scaled.jpg\" alt=\"\" width=\"431\" height=\"610\" \/>\n\nGroup exhibition, till the end of July at Misty Mountain Space, Shanghai\n\n<img loading=\"lazy\" decoding=\"async\" src=\"http:\/\/lauraortego.com\/wp-content\/uploads\/2024\/07\/WechatIMG64-scaled.jpg\" alt=\"\" width=\"431\" height=\"615\" \/>\n\nHasta fines de mayo trabajando en Acentric Space, Shanghai\n\/Till the end of May working at Acentric Space, Shanghai <a href=\"http:\/\/theuntitled.cn\/\">http:\/\/theuntitled.cn\/<\/a>\n\n<img loading=\"lazy\" decoding=\"async\" src=\"http:\/\/lauraortego.com\/wp-content\/uploads\/2024\/03\/acentric-space-768x1024.jpg\" alt=\"\" width=\"431\" height=\"575\" \/>\n\nHasta marzo de 2024 junto a artistas de todo el pa\u00eds en \/ Till March 2024 among artist from all Argentina regions\n\n<img loading=\"lazy\" decoding=\"async\" src=\"http:\/\/lauraortego.com\/wp-content\/uploads\/2024\/03\/timthumb.png\" alt=\"\" width=\"575\" height=\"371\" \/>\n\n<img loading=\"lazy\" decoding=\"async\" src=\"http:\/\/lauraortego.com\/wp-content\/uploads\/2024\/03\/timthumb.jpg\" alt=\"\" width=\"575\" height=\"371\" \/>\n\nHasta el 12 de noviembre\/ Till Nov 12 at:\n\n<img loading=\"lazy\" decoding=\"async\" src=\"http:\/\/lauraortego.com\/wp-content\/uploads\/2024\/03\/snav-2023_principal-1024x683.jpg\" alt=\"\" width=\"575\" height=\"383\" \/>\n\nHasta el 30 de mayo trabajando en\n\/ Till May 30 working at Art there Istanbul <a href=\"https:\/\/www.arthereistanbul.com\/\">https:\/\/www.arthereistanbul.com\/<\/a>\n\n<img loading=\"lazy\" decoding=\"async\" src=\"http:\/\/lauraortego.com\/wp-content\/uploads\/2023\/08\/WhatsApp-Image-2023-08-16-at-11.06.36.jpeg\" alt=\"\" width=\"431\" height=\"575\" \/>\n\nParticipando en el premio 8M 2023 en el CCK. Participating at 8M Prize 2023. CCK. Buenos Aires.\n\n<img loading=\"lazy\" decoding=\"async\" src=\"http:\/\/lauraortego.com\/wp-content\/uploads\/2023\/03\/PREMIACION_8M_FEED.jpg\" alt=\"\" width=\"431\" height=\"431\" \/>\n\nHasta el 6 de marzo del 2022 en Centro Cultural Kirchner\nTill March 6 2022, CCK\n\n<!-- \/wp:post-content --><!-- wp:image {\"align\":\"center\",\"id\":848,\"width\":431,\"height\":426,\"sizeSlug\":\"large\",\"linkDestination\":\"none\"} -->\n<figure><img loading=\"lazy\" decoding=\"async\" src=\"http:\/\/lauraortego.com.ar\/wp-content\/uploads\/2022\/03\/8m-2_png-01-1024x1015.png\" alt=\"\" width=\"431\" height=\"426\" \/><\/figure>\n<!-- \/wp:image --><!-- wp:paragraph -->\n\nHasta el 15 de octubre 2021\/Till October 2021, CCK\n\n<!-- \/wp:paragraph --><!-- wp:image {\"align\":\"center\",\"id\":850,\"width\":431,\"height\":431,\"sizeSlug\":\"large\",\"linkDestination\":\"none\"} -->\n<figure><img loading=\"lazy\" decoding=\"async\" src=\"http:\/\/lauraortego.com.ar\/wp-content\/uploads\/2022\/03\/240856996_245151044184372_1412236620921468348_n-1024x1024.jpeg\" alt=\"\" width=\"431\" height=\"431\" \/><\/figure>\n<!-- \/wp:image -->\n\nR\u00edo Mekong en el ciclo Asia diversa.\n\n<img loading=\"lazy\" decoding=\"async\" src=\"http:\/\/lauraortego.com\/wp-content\/uploads\/2023\/08\/asia-diversa.jpg\" alt=\"\" width=\"431\" height=\"652\" \/>\n\nR\u00edo Mekong. Agosto 28 en el Mor\u00e1n.\n\n<img loading=\"lazy\" decoding=\"async\" src=\"http:\/\/lauraortego.com\/wp-content\/uploads\/2021\/05\/rio-mekong-laura-ortego-moran.jpg\" alt=\"\" width=\"500\" height=\"500\" \/>\n\nR\u00edo Mekong. Todos los s\u00e1bados de abril en el Centro Cultural Recoleta. Ciudad de Buenos Aires.\nR\u00edo Mekong. On Apryl at Centro Cultural Recoleta, \u00a0Buenos Aires.\n\n<img loading=\"lazy\" decoding=\"async\" src=\"http:\/\/lauraortego.com\/wp-content\/uploads\/2019\/03\/AD_MAR_MEKONG-300x300.png\" alt=\"\" width=\"500\" height=\"500\" \/>\n\nR\u00edo Mekong. A partir del 27 de diciembre en el cine Gaumont. Ciudad de Buenos Aires.\nR\u00edo Mekong. From Dec. 27 at Gaumont Cinema, Buenos Aires.\n\n<img loading=\"lazy\" decoding=\"async\" src=\"http:\/\/lauraortego.com.ar\/wp-content\/uploads\/2018\/12\/laura-ortego-rio-mekong-web.jpg\" alt=\"\" width=\"400\" height=\"566\" \/>\n\n<img loading=\"lazy\" decoding=\"async\" src=\"http:\/\/lauraortego.com.ar\/wp-content\/uploads\/2018\/12\/rio-mekong-ortego.jpg\" alt=\"\" width=\"595\" height=\"595\" \/>\n\nHasta el 28 de diciembre en el 107 Sal\u00f3n Nacional de artes visuales.\/\u00a0Till Dec 28 at the 107 \u00a0National Arts Show.\n\n<img loading=\"lazy\" decoding=\"async\" src=\"http:\/\/lauraortego.com\/wp-content\/uploads\/2023\/08\/salon_nacional-scaled.jpeg\" alt=\"\" width=\"646\" height=\"431\" \/>\n\nHasta el 3 de noviembre en Walter, Palermo, Buenos Aires.\n\nTill Novembre 3, at Walter, Palermo, Buenos Aires.\n\n<img loading=\"lazy\" decoding=\"async\" src=\"http:\/\/lauraortego.com.ar\/wp-content\/uploads\/2018\/12\/walter-rol-ortego-gimenez-002.jpg\" alt=\"\" width=\"545\" height=\"564\" \/>\n\nMarzo 17\/ Retratar- ser retratado. Taller experimental de retrato en Walter, casa para artistas.\nMarch 17 To portray- to be portrayed. Experimental portrait workshop at Walter, Buenos Aires\n\n<img loading=\"lazy\" decoding=\"async\" src=\"http:\/\/lauraortego.com.ar\/wp-content\/uploads\/2017\/08\/laura-ortego-taller-1.jpeg\" alt=\"\" width=\"513\" height=\"513\" \/>\n\nDiciembre 30 \/ Estamos invitadxs a experimentar una video performance en una vidriera con Omar Mustaf\u00e1 y Delfina Zacchino, en el ciclo Vidriera curado por <a href=\"https:\/\/www.facebook.com\/ines.efron?fref=mentions\" data-hovercard=\"\/ajax\/hovercard\/user.php?id=1098799075&amp;extragetparams=%7B%22fref%22%3A%22mentions%22%7D\" data-hovercard-prefer-more-content-show=\"1\">Ines Efron<\/a>\n\/ Dec 30 We are invited to experience a video performance along with Omar Mustaf\u00e1 y Delfina Zacchino at Vidriera curated by <a href=\"https:\/\/www.facebook.com\/ines.efron?fref=mentions\" data-hovercard=\"\/ajax\/hovercard\/user.php?id=1098799075&amp;extragetparams=%7B%22fref%22%3A%22mentions%22%7D\" data-hovercard-prefer-more-content-show=\"1\">Ines Efron<\/a> .\n\n<img loading=\"lazy\" decoding=\"async\" src=\"http:\/\/lauraortego.com.ar\/wp-content\/uploads\/2017\/08\/laura-ortego-vidriera.jpeg\" alt=\"\" width=\"515\" height=\"497\" \/>\n\nDec 15\/ Presentando nuestro largometraje R\u00edo Mekong codirigido con Leonel D&#8217;Agostino y producido por D\u00e9bora Fiore y Nicol\u00e1s Batlle en el cine Gaumont, en el marco del ciclo ADN de documentalistas argentinos\/ Pre releasing\u00a0our feature film Mekong River co-directed with Leonel D&#8217;Agostino and produced by D\u00e9bora Fiore and Nicol\u00e1s Batlle at the Gaumont cinema, within the ADN week of Argentine documentalists.\n\n<img loading=\"lazy\" decoding=\"async\" src=\"http:\/\/lauraortego.com.ar\/wp-content\/uploads\/2017\/12\/laura-ortego-rio-mekong.png\" alt=\"\" width=\"753\" height=\"445\" \/>\n\nNov 2017\/ Presentaci\u00f3n de mi libro Paranoia -diario de un film en India- de La luminosa ediciones en Turma\/ Launching my book Paranoia -diary of a film in India- by La luminosa editions at Turma.\n\n<img loading=\"lazy\" decoding=\"async\" src=\"http:\/\/lauraortego.com.ar\/wp-content\/uploads\/2017\/08\/laura_ortego.jpg\" alt=\"\" width=\"524\" height=\"551\" \/>\n\nOct 2017\/ Presentaci\u00f3n de mi publicaci\u00f3n digital Visita en Tita Retiro\/ Launching of my digital publication Visita at Tita,\n\n<div style=\"width: 720px;\" class=\"wp-video\"><video class=\"wp-video-shortcode\" id=\"video-58-1\" width=\"720\" height=\"720\" preload=\"metadata\" controls=\"controls\"><source type=\"video\/mp4\" src=\"http:\/\/lauraortego.com.ar\/wp-content\/uploads\/2017\/08\/laura_ortego.mp4?_=1\" \/><a href=\"http:\/\/lauraortego.com.ar\/wp-content\/uploads\/2017\/08\/laura_ortego.mp4\">http:\/\/lauraortego.com.ar\/wp-content\/uploads\/2017\/08\/laura_ortego.mp4<\/a><\/video><\/div>\n\nSept 2017\/Mi libro Paranoia, diario fotogr\u00e1fico de un film en India, en el stand de La luminosa en Buenos Aires photo\/\n\nMy book Paranoia, photo diary of a film in India, at La luminosa&#8217;s booth, BA Photo fair.\n\n<img loading=\"lazy\" decoding=\"async\" src=\"http:\/\/lauraortego.com.ar\/wp-content\/uploads\/2017\/08\/BAphoto.jpg\" alt=\"\" width=\"650\" height=\"414\" \/>\n\nFeb 2017 \/Trabajando en\/ Working at Art Space Yosuga, Kyoto, Japan\n\n<img loading=\"lazy\" decoding=\"async\" src=\"http:\/\/lauraortego.com.ar\/wp-content\/uploads\/2021\/05\/kyoto-art-space-yosuga.jpg\" alt=\"\" width=\"643\" height=\"424\" \/>\n\nDesde el 28 de enero\/ From Jan 28 in Itoshima-Shi, Japan\n\nHasta el 31 de enero\/ Till Jan 31 in Fukuoka, Japan\n\n<img loading=\"lazy\" decoding=\"async\" src=\"http:\/\/lauraortego.com\/wp-content\/uploads\/2017\/08\/Foto-3.png\" alt=\"\" width=\"431\" height=\"611\" \/>\n\nTrabajando en\/ Working at Studio Kura, Itoshima-shi, Japan\n\n<img loading=\"lazy\" decoding=\"async\" src=\"http:\/\/lauraortego.com\/wp-content\/uploads\/2017\/08\/Foto-4.png\" alt=\"\" width=\"646\" height=\"431\" \/>\n\nContracara. Hasta el 4 de diciembre\/\nTill Dec 4 at Alimentaci\u00f3n general, Buenos Aires\n\n<img loading=\"lazy\" decoding=\"async\" src=\"http:\/\/lauraortego.com\/wp-content\/uploads\/2017\/08\/Foto-5.jpg\" alt=\"\" width=\"431\" height=\"592\" \/>\n\nXX Premios Klemm\/ XX Klemm prizes. Hasta el 3 de diciembre en la Fundaci\u00f3n Klemm\/\nTill Dec 3 at Klemm Fundation, Buenos Aires\n\n<img loading=\"lazy\" decoding=\"async\" src=\"http:\/\/lauraortego.com\/wp-content\/uploads\/2017\/08\/Foto-6.png\" alt=\"\" width=\"676\" height=\"431\" \/>\n\nHasta el 8 de diciembre en Formosa galer\u00eda Buenos Aires\/\nTill December 8 at Formosa gallery, Buenos Aires\n\n<img loading=\"lazy\" decoding=\"async\" src=\"http:\/\/lauraortego.com\/wp-content\/uploads\/2017\/08\/Foto-7.jpg\" alt=\"\" width=\"670\" height=\"670\" \/>\n\nHasta el 1 de cotubre\/ Till oct 2016 at Rada Tilly Cultural Centre, Chubut, Patagonia, Argentina\n\n<img loading=\"lazy\" decoding=\"async\" src=\"http:\/\/lauraortego.com\/wp-content\/uploads\/2017\/08\/Foto-9.jpg\" alt=\"\" width=\"431\" height=\"574\" \/>\n\n<img loading=\"lazy\" decoding=\"async\" src=\"http:\/\/lauraortego.com\/wp-content\/uploads\/2017\/08\/Foto-8.jpg\" alt=\"\" width=\"431\" height=\"574\" \/>\n\nDesde\/ From May 12th in Guizhou, China\n\n<img loading=\"lazy\" decoding=\"async\" src=\"http:\/\/lauraortego.com.ar\/wp-content\/uploads\/2017\/08\/Foto-10.jpg\" alt=\"\" width=\"418\" height=\"600\" \/>\n\nHasta el 23 de diciembre\/ Till December 23, Zhongshan, China\n\n<img loading=\"lazy\" decoding=\"async\" src=\"http:\/\/lauraortego.com\/wp-content\/uploads\/2017\/08\/Foto-11.jpg\" alt=\"\" width=\"431\" height=\"610\" \/>\n\nHasta el 25 de septiembre\/ Till Sept. 25 Instituto Cervantes, Beijing\n<img loading=\"lazy\" decoding=\"async\" src=\"http:\/\/lauraortego.com\/wp-content\/uploads\/2017\/08\/Foto-12.jpg\" alt=\"\" width=\"431\" height=\"603\" \/>\n\nHasta el 15 de mayo representando a Argentina en el China Millenium Monument, Beijing\n\/ Till May 15 representing Argentina at the China Millenium Monument, Beijing\n\n<img loading=\"lazy\" decoding=\"async\" src=\"http:\/\/lauraortego.com\/wp-content\/uploads\/2017\/08\/Foto-13.png\" alt=\"\" width=\"744\" height=\"431\" \/>\n\nDesde el 3 de marzo de 2015\/ From March 3rd. 2015\nNingbo, Jiangzhe China\n\n<img loading=\"lazy\" decoding=\"async\" src=\"http:\/\/lauraortego.com\/wp-content\/uploads\/2017\/08\/Foto-14.jpg\" alt=\"\" width=\"431\" height=\"603\" \/>\n\nDesde el 6 hasta el 20 de nov\/ From nov 6 to nov. 20 \/Otero. S. Ortiz 1693 Buenos Aires\n\n<img loading=\"lazy\" decoding=\"async\" src=\"http:\/\/lauraortego.com\/wp-content\/uploads\/2017\/08\/Foto-15.jpg\" alt=\"\" width=\"431\" height=\"757\" \/>\n\nDesde el 6 de julio\/ From July 6 2014 in Beijing\n\n<img loading=\"lazy\" decoding=\"async\" src=\"http:\/\/lauraortego.com\/wp-content\/uploads\/2017\/08\/Foto-16.jpeg\" alt=\"\" width=\"431\" height=\"646\" \/>\n\nDesde el 1 de julio hasta el 5 de agosto 2014\nFrom July 1st to August 5 2014\n\nHasta el 18 de julio\/ Till July 18 working in\nDong Dong &amp; Lulu Artist Residency, Beijing\n\n<img loading=\"lazy\" decoding=\"async\" src=\"http:\/\/lauraortego.com\/wp-content\/uploads\/2017\/08\/Foto-18.jpg\" alt=\"\" width=\"575\" height=\"431\" \/>\n\nDesde marzo 27 \/ From March 27 2014\nTerritories and Subjectivities\nContemporary Art from Argentina\nAMA Art Museum of the Americas\n201 18th St. Washington\n\n<img loading=\"lazy\" decoding=\"async\" src=\"http:\/\/lauraortego.com\/wp-content\/uploads\/2017\/08\/Foto-19.png\" alt=\"\" width=\"926\" height=\"431\" \/>\n\nDesde marzo 7\/ From March 7 2014\nLa edad de la inocencia\/ Age of innocence\nBiblioteca Central de Cantabria\/ Central library Cantabria\nSantander. Espa\u00f1a\n<img loading=\"lazy\" decoding=\"async\" src=\"http:\/\/lauraortego.com\/wp-content\/uploads\/2017\/08\/Foto-20.png\" alt=\"\" width=\"431\" height=\"554\" \/>\n\nDesde oct 3\/ From oct 3 2013\nTERRITORIES &amp; SUBJETIVITIES.\nContemporary art from Argentina\nConsullate of Argentina\n12 West 56th St. New York\n\n<img loading=\"lazy\" decoding=\"async\" src=\"http:\/\/lauraortego.com.ar\/wp-content\/uploads\/2017\/08\/Foto-21.jpg\" alt=\"\" width=\"418\" height=\"292\" \/>\n\n<img loading=\"lazy\" decoding=\"async\" src=\"http:\/\/lauraortego.com\/wp-content\/uploads\/2017\/08\/Foto-22.jpg\" alt=\"\" width=\"575\" height=\"431\" \/>\n\nPERFILES. Fotograf\u00eda argentina\/\nPROFILES. Argentinian photography\nJunto a\/ With Marcela Magno, Sebasti\u00e1n Ingrassia, Marcos L\u00f3pez, Jasmine Bakalarz, Guadalupe Miles, Gabriel Chaile, Julio Pantoja y Tatiana Parcero\nEn\/ in TECNOPOLIS, Buenos Aires, Argentina\nHasta noviembre\/ Till november 2013\n\n<img loading=\"lazy\" decoding=\"async\" src=\"http:\/\/lauraortego.com\/wp-content\/uploads\/2017\/08\/Foto-23.jpg\" alt=\"laura-ortego-fotografia-23\" width=\"658\" height=\"431\" \/>\n\nHasta el 27 de nov\/ Till Nov 27\n\n<img loading=\"lazy\" decoding=\"async\" src=\"http:\/\/lauraortego.com\/wp-content\/uploads\/2024\/03\/Laura-Ortego-en-CCGSM.jpg\" alt=\"\" width=\"296\" height=\"575\" \/>\n\nHasta el 11 de octubre\/ Till Oct 11. Barcelona\n\n<img loading=\"lazy\" decoding=\"async\" src=\"http:\/\/lauraortego.com\/wp-content\/uploads\/2024\/03\/Screenshot-2024-03-13-at-14.41.26.png\" alt=\"\" width=\"405\" height=\"575\" \/>\n\n<img loading=\"lazy\" decoding=\"async\" src=\"http:\/\/lauraortego.com\/wp-content\/uploads\/2024\/03\/Laura_Gabriela_4_WEB_card2.jpg\" alt=\"\" width=\"575\" height=\"288\" \/>\n\n<img loading=\"lazy\" decoding=\"async\" src=\"http:\/\/lauraortego.com\/wp-content\/uploads\/2024\/03\/platt08.jpg\" alt=\"\" width=\"415\" height=\"575\" \/>\n\n<img loading=\"lazy\" decoding=\"async\" src=\"http:\/\/lauraortego.com\/wp-content\/uploads\/2024\/03\/tapaarteBA08.jpg\" alt=\"\" width=\"439\" height=\"575\" \/> <img loading=\"lazy\" decoding=\"async\" src=\"http:\/\/lauraortego.com\/wp-content\/uploads\/2024\/03\/tapa-cata\u0301logo.jpg\" alt=\"\" width=\"420\" height=\"575\" \/>\n\n<img loading=\"lazy\" decoding=\"async\" src=\"http:\/\/lauraortego.com\/wp-content\/uploads\/2024\/03\/jdl1.jpg\" alt=\"\" width=\"377\" height=\"575\" \/>\n\n<img loading=\"lazy\" decoding=\"async\" src=\"http:\/\/lauraortego.com\/wp-content\/uploads\/2024\/03\/jdl2.jpg\" alt=\"\" width=\"383\" height=\"575\" \/>\n\n<!-- wp:paragraph -->\n\n<!-- \/wp:paragraph --><!-- wp:gallery {\"ids\":[],\"linkTo\":\"none\"} -->\n<figure>\n<figcaption><\/figcaption><\/figure>\n<!-- \/wp:gallery --><!-- wp:image -->\n<figure><\/figure>\n<!-- \/wp:image -->","protected":false},"excerpt":{"rendered":"<p>From May 13 to August 2nd. 2025 Madrid, Spain. Diciembre\/December 2024,, Xiamen, China Hasta fines de diciembre\/Till the end of December. 2024. Museo Caraffa\/ Caraffa Museum, C\u00f3rdoba, Argentina Hasta fines de junio\/ Till the end of June working at Mil gotas residencia, Songzhuang, Beijing Till the end of May, solo exhibition at Acentric Space, Shanghai [&hellip;]<\/p>\n","protected":false},"author":1,"featured_media":0,"parent":0,"menu_order":18,"comment_status":"closed","ping_status":"closed","template":"","meta":{"site-sidebar-layout":"default","site-content-layout":"","ast-site-content-layout":"default","site-content-style":"default","site-sidebar-style":"default","ast-global-header-display":"","ast-banner-title-visibility":"","ast-main-header-display":"","ast-hfb-above-header-display":"","ast-hfb-below-header-display":"","ast-hfb-mobile-header-display":"","site-post-title":"","ast-breadcrumbs-content":"","ast-featured-img":"","footer-sml-layout":"","ast-disable-related-posts":"","theme-transparent-header-meta":"","adv-header-id-meta":"","stick-header-meta":"","header-above-stick-meta":"","header-main-stick-meta":"","header-below-stick-meta":"","astra-migrate-meta-layouts":"set","ast-page-background-enabled":"default","ast-page-background-meta":{"desktop":{"background-color":"var(--ast-global-color-4)","background-image":"","background-repeat":"repeat","background-position":"center center","background-size":"auto","background-attachment":"scroll","background-type":"","background-media":"","overlay-type":"","overlay-color":"","overlay-opacity":"","overlay-gradient":""},"tablet":{"background-color":"","background-image":"","background-repeat":"repeat","background-position":"center center","background-size":"auto","background-attachment":"scroll","background-type":"","background-media":"","overlay-type":"","overlay-color":"","overlay-opacity":"","overlay-gradient":""},"mobile":{"background-color":"","background-image":"","background-repeat":"repeat","background-position":"center center","background-size":"auto","background-attachment":"scroll","background-type":"","background-media":"","overlay-type":"","overlay-color":"","overlay-opacity":"","overlay-gradient":""}},"ast-content-background-meta":{"desktop":{"background-color":"var(--ast-global-color-5)","background-image":"","background-repeat":"repeat","background-position":"center center","background-size":"auto","background-attachment":"scroll","background-type":"","background-media":"","overlay-type":"","overlay-color":"","overlay-opacity":"","overlay-gradient":""},"tablet":{"background-color":"var(--ast-global-color-5)","background-image":"","background-repeat":"repeat","background-position":"center center","background-size":"auto","background-attachment":"scroll","background-type":"","background-media":"","overlay-type":"","overlay-color":"","overlay-opacity":"","overlay-gradient":""},"mobile":{"background-color":"var(--ast-global-color-5)","background-image":"","background-repeat":"repeat","background-position":"center center","background-size":"auto","background-attachment":"scroll","background-type":"","background-media":"","overlay-type":"","overlay-color":"","overlay-opacity":"","overlay-gradient":""}},"footnotes":""},"class_list":["post-58","page","type-page","status-publish","hentry"],"_links":{"self":[{"href":"http:\/\/lauraortego.com\/index.php?rest_route=\/wp\/v2\/pages\/58","targetHints":{"allow":["GET"]}}],"collection":[{"href":"http:\/\/lauraortego.com\/index.php?rest_route=\/wp\/v2\/pages"}],"about":[{"href":"http:\/\/lauraortego.com\/index.php?rest_route=\/wp\/v2\/types\/page"}],"author":[{"embeddable":true,"href":"http:\/\/lauraortego.com\/index.php?rest_route=\/wp\/v2\/users\/1"}],"replies":[{"embeddable":true,"href":"http:\/\/lauraortego.com\/index.php?rest_route=%2Fwp%2Fv2%2Fcomments&post=58"}],"version-history":[{"count":196,"href":"http:\/\/lauraortego.com\/index.php?rest_route=\/wp\/v2\/pages\/58\/revisions"}],"predecessor-version":[{"id":2938,"href":"http:\/\/lauraortego.com\/index.php?rest_route=\/wp\/v2\/pages\/58\/revisions\/2938"}],"wp:attachment":[{"href":"http:\/\/lauraortego.com\/index.php?rest_route=%2Fwp%2Fv2%2Fmedia&parent=58"}],"curies":[{"name":"wp","href":"https:\/\/api.w.org\/{rel}","templated":true}]}}